{"id":52,"date":"2022-01-24T19:45:31","date_gmt":"2022-01-24T19:45:31","guid":{"rendered":"http:\/\/www.sungirisim.com.tr\/index.php\/mesmerize\/"},"modified":"2025-01-21T16:32:48","modified_gmt":"2025-01-21T19:32:48","slug":"mesmerize","status":"publish","type":"page","link":"http:\/\/www.sungirisim.com.tr\/","title":{"rendered":"Front Page"},"content":{"rendered":"<div  data-label=\"Overlappable\" data-id=\"overlappable--1\" data-export-id=\"overlappable-4-mc\" data-category=\"overlappable\" class=\"overlappable-4-mc content-section content-section-spacing\" data-overlap=\"true\" id=\"overlappable-1\" style=\"background-color: rgb(255, 255, 255);\"><div  class=\"gridContainer\"> <div  data-type=\"row\" class=\"row spaced-cols text-center\"><div  class=\"col-xs-12 col-sm-4 col-padding\"> <i  class=\"fa icon shadow-large-black aligncenter color1 fa-shield reverse round large\"><\/i> <div  data-type=\"column\" class=\"\"> <h5  class=\"font-400\">G\u00dcVEN<\/h5> <p  class=\"\">\u00c7ocuklar\u0131m\u0131z\u0131n ve gen\u00e7lerimizin bu \u00fclkenin gelece\u011fi oldu\u011fu fark\u0131ndal\u0131\u011f\u0131na sahip \u00e7\u0131karak en g\u00fcvenilir hizmeti sunmaktay\u0131z.<\/p><\/div> <\/div> <div  class=\"col-xs-12 col-sm-4 col-padding\"> <i  class=\"fa icon shadow-large-black aligncenter color2 fa-users reverse round large\"><\/i> <div  data-type=\"column\" class=\"\"><h5  class=\"font-400\">TECR\u00dcBE<\/h5> <p  class=\"\">Turizm sekt\u00f6r\u00fcndeki engin tecr\u00fcbesiyle,\u00e7ocuklar\u0131m\u0131za geli\u015fmi\u015f bir vizyon katmay\u0131 ama\u00e7lamaktay\u0131z.<\/p><\/div> <\/div> <div  class=\"col-xs-12 col-sm-4 col-padding\"> <i  class=\"fa icon fa-magic large shadow-large-black round aligncenter reverse color4\"><\/i> <div  data-type=\"column\" class=\"\"><h5  class=\"font-400\">KAL\u0130TE<\/h5> <p  class=\"\">Organizasyon hakimiyeti ve tecr\u00fcbesiyle t\u00fcm m\u00fc\u015fterilerinin memnuniyetine \u00f6nem vermekteyiz.<\/p><\/div> <\/div><\/div> <\/div><\/div><div  data-label=\"About\" data-id=\"about--1\" data-export-id=\"about-10\" data-category=\"about\" class=\"about-10 content-section content-section-spacing\" id=\"about-1\" style=\"background-color: rgb(245, 250, 253);\"><div  class=\"gridContainer\"> <div  class=\"row middle-sm text-center\"><div  class=\"col-sm-5 space-bottom-xs content-column\" data-type=\"column\">  <h2  class=\"\">Biz Kimiz?<\/h2> <p  class=\"\">Sun Giri\u015fim olarak bizler \u00f6\u011frencilerin kariyerlerine y\u00f6n vermelerine yard\u0131mc\u0131 olma konusunda tutkulu bir grup e\u011fitimci olarak yola \u00e7\u0131kt\u0131k. \u00d6\u011frenme ve ke\u015ffetmenin g\u00fcc\u00fcne inanan ve bununla fark yaratan bir seyahat acentas\u0131y\u0131z. Amac\u0131m\u0131z, gen\u00e7lerin hayallerini ve hedeflerini ger\u00e7e\u011fe d\u00f6n\u00fc\u015ft\u00fcrmelerine destek olmak ve d\u00fcnya vatanda\u015flar\u0131 olmalar\u0131na katk\u0131da bulunmakt\u0131r. <br >Alan\u0131nda uzman e\u011fitimci  ve akademisyenlerin dan\u0131\u015fmanl\u0131\u011f\u0131nda haz\u0131rlanan yurtd\u0131\u015f\u0131 \u00f6\u011frenci programlar\u0131 ile bu alanda farkl\u0131l\u0131k yaratan Sun Giri\u015fim, 5 y\u0131ld\u0131r 100 farkl\u0131 okul ve 5 binin \u00fczerinde \u00f6\u011frenciye ula\u015fmay\u0131 ba\u015farm\u0131\u015ft\u0131r. Gen\u00e7lerin kariyerlerini \u015fekillendirdikleri ve gelece\u011fe dair kararlar\u0131n\u0131 ald\u0131klar\u0131 bu d\u00f6nemde kendilerini ke\u015ffetmeleri i\u00e7in farkl\u0131 programlar sunmaktad\u0131r. D\u00fcnyan\u0131n d\u00f6rt bir yan\u0131ndaki k\u00fclt\u00fcrel zenginliklerle tan\u0131\u015ft\u0131rarak, yeni yerler g\u00f6rmeye ve farkl\u0131 k\u00fclt\u00fcrleri deneyimlemeye te\u015fvik ederken ayn\u0131 zamanda bir \u00e7ok disiplinin bir arada oldu\u011fu bilim, k\u00fclt\u00fcr, sanat, tarih ve do\u011fa  etkinlikleri, kamplar,  at\u00f6lyeler ile mesleklerini ke\u015ffetmelerini sa\u011flamay\u0131 hedeflemektedir.<\/p> <a  class=\"button color1\" href=\"http:\/\/www.sungirisim.com.tr\/index.php\/hakkimizda\" target=\"_self\" data-cp-link=\"1\">Daha Fazlas\u0131 i\u00e7in<\/a><\/div> <div  class=\"col-sm-7 flexbox middle-xs center-xs space-bottom-xs\"><div  class=\"overlay-box middle-xs center-xs flexbox\"> <div  class=\"overlay-box-offset offset-border shadow-medium border-color1 hide-xs\"><\/div> <img decoding=\"async\"  class=\"shadow-large\" data-size=\"485x705\" src=\"http:\/\/www.sungirisim.com.tr\/wp-content\/uploads\/2024\/08\/cropped-modern-office-space-interior-1-scaled-1.jpg\" title=\"Modern Office Space Interior.\" alt=\"\"><\/div> <\/div><\/div> <\/div><\/div><div  data-label=\"Features\" data-id=\"features--1\" data-export-id=\"features-16\" data-category=\"features\" class=\"features-16 content-section content-section-spacing\" id=\"features-1\" style=\"background-color: rgb(255, 255, 255);\"><div  class=\"gridContainer\"> <div  class=\"row text-center\"><div  class=\"section-title-col\" data-type=\"column\"> <h2  class=\"\">Ba\u015fl\u0131ca Gezilerimiz<\/h2> <p  class=\"lead\">Birbirinden e\u011flenceli ve e\u011fitici gezi t\u0131rlar\u0131m\u0131zla size hizmet vermekten mutluluk duyar\u0131z<\/p><\/div> <\/div> <div  class=\"row spaced-cols\" data-type=\"row\"> <div  class=\"col-xs-12 col-sm-6 col-md-4 space-bottom\"> <img decoding=\"async\"  class=\"face\" src=\"http:\/\/www.sungirisim.com.tr\/wp-content\/uploads\/2024\/08\/cropped-IMG_2261-scaled-1.jpg\" title=\"cern gezisi\" alt=\"\"> <div  data-type=\"column\" class=\"col-padding-small col-padding-small-xs description-container\"> <h4  class=\"font-500\">Cern Bilim Gezisi<\/h4> <p  class=\"\">CERN (Conseil Europ\u00e9en pour la Recherche Nucl\u00e9aire), \u0130svi\u00e7re\u2019nin Cenevre \u015fehrinde bulunan bir ara\u015ft\u0131rma merkezidir.<\/p> <a  class=\"read-more\" href=\"http:\/\/www.sungirisim.com.tr\/index.php\/gezi-1\" target=\"_self\" data-cp-link=\"1\">devam\u0131<\/a><\/div> <\/div> <div  class=\"col-xs-12 col-sm-6 col-md-4 space-bottom\"> <img decoding=\"async\"  class=\"face\" src=\"http:\/\/www.sungirisim.com.tr\/wp-content\/uploads\/2024\/08\/cropped-IMG_1846-scaled-1.jpg\" title=\"IMG_1846\" alt=\"\"> <div  data-type=\"column\" class=\"col-padding-small col-padding-small-xs description-container\"> <h4  class=\"font-500\">Bilim ve K\u00fclt\u00fcr Gezileri<\/h4> <p  class=\"\">SUN Giri\u015fim, Avrupa\u2019da eski \u015fehir merkezleri, bilim merkezleri, tarih ve sanat m\u00fczeleri, e\u011flence ve al\u0131\u015fveri\u015f merkezlerinin \u2026<\/p> <a  class=\"read-more\" href=\"http:\/\/www.sungirisim.com.tr\/index.php\/bilim-ve-kultur-gezileri\" target=\"_self\" data-cp-link=\"1\">devam\u0131<\/a><\/div> <\/div> <div  class=\"col-xs-12 col-sm-6 col-md-4 space-bottom\"> <img decoding=\"async\"  class=\"face\" src=\"http:\/\/www.sungirisim.com.tr\/wp-content\/uploads\/2024\/08\/cropped-group-cheerful-happy-students-sitting-lecture-hall-before-lesson-scaled-1.jpg\" title=\"The group of cheerful happy students sitting in a lecture hall before lesson\" alt=\"\"> <div  data-type=\"column\" class=\"col-padding-small col-padding-small-xs description-container\"> <h4  class=\"font-500\">Avrupa\u2019da Dil E\u011fitimi<\/h4> <p  class=\"\">SUN Giri\u015fim Avrupa\u2019da farkl\u0131 \u00fclkelerde bulunan uluslararas\u0131 alanda uzun y\u0131llard\u0131r kaliteli hizmet veren ve deneyimli \u2026<\/p> <a  class=\"read-more\" href=\"http:\/\/www.sungirisim.com.tr\/index.php\/avrupada-dil-egitimi\" target=\"_self\" data-cp-link=\"1\">devam\u0131<\/a><\/div> <\/div><div  class=\"col-xs-12 col-sm-6 col-md-4 space-bottom\"> <img decoding=\"async\"  class=\"face\" src=\"http:\/\/www.sungirisim.com.tr\/wp-content\/uploads\/2024\/08\/cropped-nasa2.jpg\" title=\"cropped-nasa2.jpg\" alt=\"\"> <div  data-type=\"column\" class=\"col-padding-small col-padding-small-xs description-container\"> <h4  class=\"font-500\">Nasa Gezisi<\/h4> <p  class=\"\">SUN Giri\u015fim NASA gezilerinde alan\u0131nda uzman akademisyenlerle \u00f6\u011frencileri astronomi at\u00f6lyelerinde bulu\u015fturarak gen\u00e7lere \u2026<\/p> <a  class=\"read-more\" href=\"http:\/\/www.sungirisim.com.tr\/index.php\/nasa-gezisi\" target=\"_self\" data-cp-link=\"1\">devam\u0131<\/a><\/div> <\/div><div  class=\"col-xs-12 col-sm-6 col-md-4 space-bottom\"> <img decoding=\"async\"  class=\"face\" src=\"http:\/\/www.sungirisim.com.tr\/wp-content\/uploads\/2024\/08\/cropped-IMG_1859-scaled-1.jpg\" title=\"IMG_1859\" alt=\"\"> <div  data-type=\"column\" class=\"col-padding-small col-padding-small-xs description-container\"> <h4  class=\"font-500\">Avrupa \u00dcniversite Tan\u0131t\u0131m Gezileri<\/h4> <p  class=\"\">SUN Giri\u015fim Almanya, Bel\u00e7ika, Fransa, Hollanda ve \u0130talya\u2019daki d\u00fcnyan\u0131n en prestijli \u00fcniversiteleri ile gen\u00e7leri bulu\u015fturarak \u2026<\/p> <a  class=\"read-more\" href=\"http:\/\/www.sungirisim.com.tr\/index.php\/avrupa-universite-tanitim-gezileri\" target=\"_self\" data-cp-link=\"1\">devam\u0131<\/a><\/div> <\/div><\/div> <\/div><\/div>","protected":false},"excerpt":{"rendered":"<p>G\u00dcVEN \u00c7ocuklar\u0131m\u0131z\u0131n ve gen\u00e7lerimizin bu \u00fclkenin gelece\u011fi oldu\u011fu fark\u0131ndal\u0131\u011f\u0131na sahip \u00e7\u0131karak en g\u00fcvenilir hizmeti sunmaktay\u0131z. TECR\u00dcBE Turizm sekt\u00f6r\u00fcndeki engin tecr\u00fcbesiyle,\u00e7ocuklar\u0131m\u0131za geli\u015fmi\u015f bir vizyon katmay\u0131 ama\u00e7lamaktay\u0131z. KAL\u0130TE Organizasyon hakimiyeti ve tecr\u00fcbesiyle t\u00fcm m\u00fc\u015fterilerinin memnuniyetine \u00f6nem vermekteyiz. Biz Kimiz? Sun Giri\u015fim olarak bizler \u00f6\u011frencilerin kariyerlerine y\u00f6n vermelerine yard\u0131mc\u0131 olma konusunda tutkulu bir grup e\u011fitimci olarak yola \u00e7\u0131kt\u0131k.&hellip; <br \/> <a class=\"read-more\" href=\"http:\/\/www.sungirisim.com.tr\/\">Devam\u0131<\/a><\/p>\n","protected":false},"author":1,"featured_media":0,"parent":0,"menu_order":0,"comment_status":"closed","ping_status":"closed","template":"","meta":{"footnotes":""},"class_list":["post-52","page","type-page","status-publish","hentry"],"_links":{"self":[{"href":"http:\/\/www.sungirisim.com.tr\/index.php\/wp-json\/wp\/v2\/pages\/52","targetHints":{"allow":["GET"]}}],"collection":[{"href":"http:\/\/www.sungirisim.com.tr\/index.php\/wp-json\/wp\/v2\/pages"}],"about":[{"href":"http:\/\/www.sungirisim.com.tr\/index.php\/wp-json\/wp\/v2\/types\/page"}],"author":[{"embeddable":true,"href":"http:\/\/www.sungirisim.com.tr\/index.php\/wp-json\/wp\/v2\/users\/1"}],"replies":[{"embeddable":true,"href":"http:\/\/www.sungirisim.com.tr\/index.php\/wp-json\/wp\/v2\/comments?post=52"}],"version-history":[{"count":23,"href":"http:\/\/www.sungirisim.com.tr\/index.php\/wp-json\/wp\/v2\/pages\/52\/revisions"}],"predecessor-version":[{"id":325,"href":"http:\/\/www.sungirisim.com.tr\/index.php\/wp-json\/wp\/v2\/pages\/52\/revisions\/325"}],"wp:attachment":[{"href":"http:\/\/www.sungirisim.com.tr\/index.php\/wp-json\/wp\/v2\/media?parent=52"}],"curies":[{"name":"wp","href":"https:\/\/api.w.org\/{rel}","templated":true}]}}