{"id":139,"date":"2022-01-31T17:54:06","date_gmt":"2022-01-31T20:54:06","guid":{"rendered":"http:\/\/www.sungirisim.com.tr\/?page_id=139"},"modified":"2024-08-11T16:29:35","modified_gmt":"2024-08-11T19:29:35","slug":"gezi-1","status":"publish","type":"page","link":"https:\/\/www.sungirisim.com.tr\/index.php\/gezi-1\/","title":{"rendered":"Cern Bilim Gezisi"},"content":{"rendered":"\n<p><strong>CERN hakk\u0131nda bilgi<\/strong><\/p>\n\n\n\n<figure class=\"wp-block-gallery columns-3 is-cropped wp-block-gallery-1 is-layout-flex wp-block-gallery-is-layout-flex\"><ul class=\"blocks-gallery-grid\"><li class=\"blocks-gallery-item\"><figure><img loading=\"lazy\" decoding=\"async\" width=\"1024\" height=\"768\" src=\"http:\/\/www.sungirisim.com.tr\/wp-content\/uploads\/2024\/08\/IMG_2214-1024x768.jpg\" alt=\"\" data-id=\"169\" data-full-url=\"http:\/\/www.sungirisim.com.tr\/wp-content\/uploads\/2024\/08\/IMG_2214-scaled.jpg\" data-link=\"http:\/\/www.sungirisim.com.tr\/index.php\/gezi-1\/img_2214\/\" class=\"wp-image-169\" srcset=\"https:\/\/www.sungirisim.com.tr\/wp-content\/uploads\/2024\/08\/IMG_2214-1024x768.jpg 1024w, https:\/\/www.sungirisim.com.tr\/wp-content\/uploads\/2024\/08\/IMG_2214-300x225.jpg 300w, https:\/\/www.sungirisim.com.tr\/wp-content\/uploads\/2024\/08\/IMG_2214-768x576.jpg 768w, https:\/\/www.sungirisim.com.tr\/wp-content\/uploads\/2024\/08\/IMG_2214-1536x1152.jpg 1536w, https:\/\/www.sungirisim.com.tr\/wp-content\/uploads\/2024\/08\/IMG_2214-2048x1537.jpg 2048w, https:\/\/www.sungirisim.com.tr\/wp-content\/uploads\/2024\/08\/IMG_2214-80x60.jpg 80w\" sizes=\"auto, (max-width: 1024px) 100vw, 1024px\" \/><\/figure><\/li><li class=\"blocks-gallery-item\"><figure><img loading=\"lazy\" decoding=\"async\" width=\"1024\" height=\"768\" src=\"http:\/\/www.sungirisim.com.tr\/wp-content\/uploads\/2024\/08\/IMG_2261-1024x768.jpg\" alt=\"\" data-id=\"170\" data-full-url=\"http:\/\/www.sungirisim.com.tr\/wp-content\/uploads\/2024\/08\/IMG_2261-scaled.jpg\" data-link=\"http:\/\/www.sungirisim.com.tr\/index.php\/gezi-1\/img_2261\/\" class=\"wp-image-170\" srcset=\"https:\/\/www.sungirisim.com.tr\/wp-content\/uploads\/2024\/08\/IMG_2261-1024x768.jpg 1024w, https:\/\/www.sungirisim.com.tr\/wp-content\/uploads\/2024\/08\/IMG_2261-300x225.jpg 300w, https:\/\/www.sungirisim.com.tr\/wp-content\/uploads\/2024\/08\/IMG_2261-768x576.jpg 768w, https:\/\/www.sungirisim.com.tr\/wp-content\/uploads\/2024\/08\/IMG_2261-1536x1152.jpg 1536w, https:\/\/www.sungirisim.com.tr\/wp-content\/uploads\/2024\/08\/IMG_2261-2048x1537.jpg 2048w, https:\/\/www.sungirisim.com.tr\/wp-content\/uploads\/2024\/08\/IMG_2261-80x60.jpg 80w\" sizes=\"auto, (max-width: 1024px) 100vw, 1024px\" \/><\/figure><\/li><li class=\"blocks-gallery-item\"><figure><img loading=\"lazy\" decoding=\"async\" width=\"1024\" height=\"768\" src=\"http:\/\/www.sungirisim.com.tr\/wp-content\/uploads\/2024\/08\/IMG_2274-1024x768.jpg\" alt=\"\" data-id=\"171\" data-full-url=\"http:\/\/www.sungirisim.com.tr\/wp-content\/uploads\/2024\/08\/IMG_2274-scaled.jpg\" data-link=\"http:\/\/www.sungirisim.com.tr\/index.php\/gezi-1\/img_2274\/\" class=\"wp-image-171\" srcset=\"https:\/\/www.sungirisim.com.tr\/wp-content\/uploads\/2024\/08\/IMG_2274-1024x768.jpg 1024w, https:\/\/www.sungirisim.com.tr\/wp-content\/uploads\/2024\/08\/IMG_2274-300x225.jpg 300w, https:\/\/www.sungirisim.com.tr\/wp-content\/uploads\/2024\/08\/IMG_2274-768x576.jpg 768w, https:\/\/www.sungirisim.com.tr\/wp-content\/uploads\/2024\/08\/IMG_2274-1536x1152.jpg 1536w, https:\/\/www.sungirisim.com.tr\/wp-content\/uploads\/2024\/08\/IMG_2274-2048x1537.jpg 2048w, https:\/\/www.sungirisim.com.tr\/wp-content\/uploads\/2024\/08\/IMG_2274-80x60.jpg 80w\" sizes=\"auto, (max-width: 1024px) 100vw, 1024px\" \/><\/figure><\/li><li class=\"blocks-gallery-item\"><figure><img loading=\"lazy\" decoding=\"async\" width=\"1024\" height=\"768\" src=\"http:\/\/www.sungirisim.com.tr\/wp-content\/uploads\/2024\/08\/IMG_2379-1024x768.jpg\" alt=\"\" data-id=\"172\" data-full-url=\"http:\/\/www.sungirisim.com.tr\/wp-content\/uploads\/2024\/08\/IMG_2379-scaled.jpg\" data-link=\"http:\/\/www.sungirisim.com.tr\/index.php\/gezi-1\/img_2379\/\" class=\"wp-image-172\" srcset=\"https:\/\/www.sungirisim.com.tr\/wp-content\/uploads\/2024\/08\/IMG_2379-1024x768.jpg 1024w, https:\/\/www.sungirisim.com.tr\/wp-content\/uploads\/2024\/08\/IMG_2379-300x225.jpg 300w, https:\/\/www.sungirisim.com.tr\/wp-content\/uploads\/2024\/08\/IMG_2379-768x576.jpg 768w, https:\/\/www.sungirisim.com.tr\/wp-content\/uploads\/2024\/08\/IMG_2379-1536x1152.jpg 1536w, https:\/\/www.sungirisim.com.tr\/wp-content\/uploads\/2024\/08\/IMG_2379-2048x1537.jpg 2048w, https:\/\/www.sungirisim.com.tr\/wp-content\/uploads\/2024\/08\/IMG_2379-80x60.jpg 80w\" sizes=\"auto, (max-width: 1024px) 100vw, 1024px\" \/><\/figure><\/li><\/ul><\/figure>\n\n\n\n<p>CERN (Conseil Europ\u00e9en pour la Recherche Nucl\u00e9aire), \u0130svi\u00e7re&#8217;nin Cenevre \u015fehrinde bulunan bir ara\u015ft\u0131rma merkezidir. CERN, n\u00fckleer fizik, par\u00e7ac\u0131k fizi\u011fi ve temel par\u00e7ac\u0131klar\u0131n yap\u0131s\u0131 hakk\u0131nda ara\u015ft\u0131rmalar yapan d\u00fcnyan\u0131n en b\u00fcy\u00fck par\u00e7ac\u0131k fizi\u011fi laboratuvarlar\u0131ndan biridir. CERN&#8217;de bulunan B\u00fcy\u00fck Hadron \u00c7arp\u0131\u015ft\u0131r\u0131c\u0131s\u0131 (LHC), par\u00e7ac\u0131k fizi\u011fi deneylerinin ger\u00e7ekle\u015ftirildi\u011fi \u00f6nemli bir ara\u00e7t\u0131r. CERN, bilim d\u00fcnyas\u0131nda bir\u00e7ok ke\u015ffe ve temel par\u00e7ac\u0131klar\u0131n anla\u015f\u0131lmas\u0131na katk\u0131da bulunmu\u015ftur.<\/p>\n\n\n\n<p><strong>Nas\u0131l bir CERN gezisi?<\/strong><\/p>\n\n\n\n<p>SUN Giri\u015fim, CERN gezilerinde bu bilgiler \u0131\u015f\u0131\u011f\u0131nda gezi \u00f6ncesi \u201cBilimi ve teknolojiyi h\u0131zland\u0131ran CERN\u201d temal\u0131 bir e\u011fitim ile \u00f6\u011frencilere motivasyon sa\u011flayarak CERN\u2019de kat\u0131lacaklar\u0131 e\u011fitimler, deneyler ve etkinliklere haz\u0131r olmalar\u0131n\u0131 sa\u011flar.&nbsp; Bu gezinin amac\u0131;&nbsp; CERN\u2019de ger\u00e7ekle\u015ftirilen bilimsel \u00e7al\u0131\u015fmalar ve bulu\u015flar \u00fczerinden evrenin bug\u00fcnk\u00fc \u015fekilde olmas\u0131nda en etkili temel kuvvetin ,proton, n\u00f6tron ve elektrondan ba\u015flayarak maddenin olu\u015fum s\u00fcrecinin standart model \u00e7er\u00e7evesinde anla\u015f\u0131lmas\u0131na katk\u0131 sa\u011flamakt\u0131r.&nbsp;&nbsp;<\/p>\n\n\n\n<p>Sun Giri\u015fim bu bak\u0131\u015f a\u00e7\u0131s\u0131yla \u00f6\u011frenci gezilerinde yaln\u0131zca bir gezi mekan\u0131 olarak son y\u0131llarda pop\u00fcler yerini alan CERN i\u00e7in farkl\u0131 bir hizmet sunmaktad\u0131r. Sun Giri\u015fim ile Cern\u2019e giden gen\u00e7ler CERN ara\u015ft\u0131rma merkezinin bir par\u00e7as\u0131 olarak ya\u015famlar\u0131n\u0131n bir noktas\u0131nda mutlaka bir fark yarat\u0131rlar. Sun Giri\u015fim gezilerine kat\u0131lm\u0131\u015f ve sonras\u0131nda bu alanda \u00e7al\u0131\u015fan bilim insanlar\u0131 ve m\u00fchendislerin olmas\u0131 CERN ziyaretine ne kadar farkl\u0131 bir pencereden bakt\u0131\u011f\u0131m\u0131z\u0131n en g\u00fczel ispat\u0131d\u0131r.&nbsp;<\/p>\n\n\n\n<p><strong>Cern Programlar\u0131<\/strong><\/p>\n\n\n\n<p>CERN bilim gezisi ve e\u011fitimi temel al\u0131narak \u0130svi\u00e7re, Almanya, \u0130talya ve Fransa\u2019da bilim, teknoloji, sanat, k\u00fclt\u00fcr ve e\u011flence merkezi, m\u00fcze ve sergileri bir araya getiren, \u00fclke ve \u015fehir tarihleri ile zenginle\u015ftirilen programlar sunmaktay\u0131z.&nbsp;<\/p>\n\n\n\n<p>Programlar\u0131m\u0131z belirlenen ana g\u00fczergahlar de\u011fi\u015fmemek ko\u015fulu ile, \u00f6\u011frenme ve ke\u015ffetme oda\u011f\u0131ndan uzakla\u015fmadan, okul y\u00f6netici ve \u00f6\u011fretmenlerimizin istekleri do\u011frultusunda \u015fekillendirilebilmektedir.<\/p>\n","protected":false},"excerpt":{"rendered":"<p>CERN hakk\u0131nda bilgi CERN (Conseil Europ\u00e9en pour la Recherche Nucl\u00e9aire), \u0130svi\u00e7re&#8217;nin Cenevre \u015fehrinde bulunan bir ara\u015ft\u0131rma merkezidir. CERN, n\u00fckleer fizik, par\u00e7ac\u0131k fizi\u011fi ve temel par\u00e7ac\u0131klar\u0131n yap\u0131s\u0131 hakk\u0131nda ara\u015ft\u0131rmalar yapan d\u00fcnyan\u0131n en b\u00fcy\u00fck par\u00e7ac\u0131k fizi\u011fi laboratuvarlar\u0131ndan biridir. CERN&#8217;de bulunan B\u00fcy\u00fck Hadron \u00c7arp\u0131\u015ft\u0131r\u0131c\u0131s\u0131 (LHC), par\u00e7ac\u0131k fizi\u011fi deneylerinin ger\u00e7ekle\u015ftirildi\u011fi \u00f6nemli bir ara\u00e7t\u0131r. CERN, bilim d\u00fcnyas\u0131nda bir\u00e7ok ke\u015ffe ve&hellip; <br \/> <a class=\"read-more\" href=\"https:\/\/www.sungirisim.com.tr\/index.php\/gezi-1\/\">Devam\u0131<\/a><\/p>\n","protected":false},"author":1,"featured_media":171,"parent":0,"menu_order":0,"comment_status":"closed","ping_status":"closed","template":"","meta":{"footnotes":""},"class_list":["post-139","page","type-page","status-publish","has-post-thumbnail","hentry"],"_links":{"self":[{"href":"https:\/\/www.sungirisim.com.tr\/index.php\/wp-json\/wp\/v2\/pages\/139","targetHints":{"allow":["GET"]}}],"collection":[{"href":"https:\/\/www.sungirisim.com.tr\/index.php\/wp-json\/wp\/v2\/pages"}],"about":[{"href":"https:\/\/www.sungirisim.com.tr\/index.php\/wp-json\/wp\/v2\/types\/page"}],"author":[{"embeddable":true,"href":"https:\/\/www.sungirisim.com.tr\/index.php\/wp-json\/wp\/v2\/users\/1"}],"replies":[{"embeddable":true,"href":"https:\/\/www.sungirisim.com.tr\/index.php\/wp-json\/wp\/v2\/comments?post=139"}],"version-history":[{"count":4,"href":"https:\/\/www.sungirisim.com.tr\/index.php\/wp-json\/wp\/v2\/pages\/139\/revisions"}],"predecessor-version":[{"id":174,"href":"https:\/\/www.sungirisim.com.tr\/index.php\/wp-json\/wp\/v2\/pages\/139\/revisions\/174"}],"wp:featuredmedia":[{"embeddable":true,"href":"https:\/\/www.sungirisim.com.tr\/index.php\/wp-json\/wp\/v2\/media\/171"}],"wp:attachment":[{"href":"https:\/\/www.sungirisim.com.tr\/index.php\/wp-json\/wp\/v2\/media?parent=139"}],"curies":[{"name":"wp","href":"https:\/\/api.w.org\/{rel}","templated":true}]}}