{"id":147,"date":"2024-08-07T04:34:22","date_gmt":"2024-08-07T07:34:22","guid":{"rendered":"http:\/\/www.sungirisim.com.tr\/?page_id=147"},"modified":"2024-08-11T16:31:24","modified_gmt":"2024-08-11T19:31:24","slug":"nasa-gezisi","status":"publish","type":"page","link":"https:\/\/www.sungirisim.com.tr\/index.php\/nasa-gezisi\/","title":{"rendered":"Nasa Gezisi"},"content":{"rendered":"\n<figure class=\"wp-block-gallery columns-3 is-cropped wp-block-gallery-1 is-layout-flex wp-block-gallery-is-layout-flex\"><ul class=\"blocks-gallery-grid\"><li class=\"blocks-gallery-item\"><figure><img loading=\"lazy\" decoding=\"async\" width=\"1024\" height=\"681\" src=\"http:\/\/www.sungirisim.com.tr\/wp-content\/uploads\/2024\/08\/nasa1-1024x681.jpg\" alt=\"\" data-id=\"163\" data-link=\"http:\/\/www.sungirisim.com.tr\/index.php\/nasa-gezisi\/nasa1\/\" class=\"wp-image-163\" srcset=\"https:\/\/www.sungirisim.com.tr\/wp-content\/uploads\/2024\/08\/nasa1-1024x681.jpg 1024w, https:\/\/www.sungirisim.com.tr\/wp-content\/uploads\/2024\/08\/nasa1-300x199.jpg 300w, https:\/\/www.sungirisim.com.tr\/wp-content\/uploads\/2024\/08\/nasa1-768x511.jpg 768w, https:\/\/www.sungirisim.com.tr\/wp-content\/uploads\/2024\/08\/nasa1-90x60.jpg 90w, https:\/\/www.sungirisim.com.tr\/wp-content\/uploads\/2024\/08\/nasa1.jpg 1444w\" sizes=\"auto, (max-width: 1024px) 100vw, 1024px\" \/><\/figure><\/li><li class=\"blocks-gallery-item\"><figure><img loading=\"lazy\" decoding=\"async\" width=\"800\" height=\"473\" src=\"http:\/\/www.sungirisim.com.tr\/wp-content\/uploads\/2024\/08\/nasa2.jpg\" alt=\"\" data-id=\"164\" data-link=\"http:\/\/www.sungirisim.com.tr\/index.php\/nasa-gezisi\/nasa2\/\" class=\"wp-image-164\" srcset=\"https:\/\/www.sungirisim.com.tr\/wp-content\/uploads\/2024\/08\/nasa2.jpg 800w, https:\/\/www.sungirisim.com.tr\/wp-content\/uploads\/2024\/08\/nasa2-300x177.jpg 300w, https:\/\/www.sungirisim.com.tr\/wp-content\/uploads\/2024\/08\/nasa2-768x454.jpg 768w, https:\/\/www.sungirisim.com.tr\/wp-content\/uploads\/2024\/08\/nasa2-101x60.jpg 101w\" sizes=\"auto, (max-width: 800px) 100vw, 800px\" \/><\/figure><\/li><li class=\"blocks-gallery-item\"><figure><img loading=\"lazy\" decoding=\"async\" width=\"1024\" height=\"808\" src=\"http:\/\/www.sungirisim.com.tr\/wp-content\/uploads\/2024\/08\/nasa3-1024x808.jpg\" alt=\"\" data-id=\"165\" data-link=\"http:\/\/www.sungirisim.com.tr\/index.php\/nasa-gezisi\/nasa3\/\" class=\"wp-image-165\" srcset=\"https:\/\/www.sungirisim.com.tr\/wp-content\/uploads\/2024\/08\/nasa3-1024x808.jpg 1024w, https:\/\/www.sungirisim.com.tr\/wp-content\/uploads\/2024\/08\/nasa3-300x237.jpg 300w, https:\/\/www.sungirisim.com.tr\/wp-content\/uploads\/2024\/08\/nasa3-768x606.jpg 768w, https:\/\/www.sungirisim.com.tr\/wp-content\/uploads\/2024\/08\/nasa3-76x60.jpg 76w, https:\/\/www.sungirisim.com.tr\/wp-content\/uploads\/2024\/08\/nasa3.jpg 1200w\" sizes=\"auto, (max-width: 1024px) 100vw, 1024px\" \/><\/figure><\/li><li class=\"blocks-gallery-item\"><figure><img loading=\"lazy\" decoding=\"async\" width=\"1024\" height=\"683\" src=\"http:\/\/www.sungirisim.com.tr\/wp-content\/uploads\/2024\/08\/nasa4-1024x683.jpg\" alt=\"\" data-id=\"166\" data-full-url=\"http:\/\/www.sungirisim.com.tr\/wp-content\/uploads\/2024\/08\/nasa4-scaled.jpg\" data-link=\"http:\/\/www.sungirisim.com.tr\/index.php\/nasa-gezisi\/nasa4\/\" class=\"wp-image-166\" srcset=\"https:\/\/www.sungirisim.com.tr\/wp-content\/uploads\/2024\/08\/nasa4-1024x683.jpg 1024w, https:\/\/www.sungirisim.com.tr\/wp-content\/uploads\/2024\/08\/nasa4-300x200.jpg 300w, https:\/\/www.sungirisim.com.tr\/wp-content\/uploads\/2024\/08\/nasa4-768x512.jpg 768w, https:\/\/www.sungirisim.com.tr\/wp-content\/uploads\/2024\/08\/nasa4-1536x1024.jpg 1536w, https:\/\/www.sungirisim.com.tr\/wp-content\/uploads\/2024\/08\/nasa4-2048x1365.jpg 2048w, https:\/\/www.sungirisim.com.tr\/wp-content\/uploads\/2024\/08\/nasa4-90x60.jpg 90w\" sizes=\"auto, (max-width: 1024px) 100vw, 1024px\" \/><\/figure><\/li><\/ul><\/figure>\n\n\n\n<p><strong>NASA hakk\u0131nda genel bilgi<\/strong><\/p>\n\n\n\n<p>1958 y\u0131l\u0131nda kurulan NASA (National Aeronautics and Space Administration) Ulusal<br>Havac\u0131l\u0131k ve Uzay Dairesi bug\u00fcne kadar bir\u00e7ok insanl\u0131 ve insans\u0131z u\u00e7u\u015f program\u0131<br>ger\u00e7ekle\u015ftirmi\u015ftir. Uzay teknolojisi uygulamalar\u0131n\u0131 ve bilimsel ara\u015ft\u0131rmalar\u0131 bir araya getirip ilk hava ve haberle\u015fme uydular\u0131n\u0131 geli\u015ftirmi\u015ftir. NASA uzaya d\u00fczenli eri\u015fim sa\u011flamak i\u00e7in yeniden kullan\u0131labilir uzay meki\u011fini ilk olarak 1981\u2019de f\u0131rlatm\u0131\u015f 2011\u2019de g\u00f6revi sonlanana kadar 130\u2019dan fazla ba\u015far\u0131l\u0131 g\u00f6reve imza atm\u0131\u015ft\u0131r. 2000 y\u0131l\u0131nda Amerika Birle\u015fik Devletleri ve Rusya, 15 \u00fclkenin \u00e7al\u0131\u015fmas\u0131n\u0131 kapsayan \u00e7ok uluslu \u201cInternational Space Station \/Uluslararas\u0131 Uzay \u0130stasyonu\u201d projesi ile uzayda insanlar i\u00e7in kal\u0131c\u0131 bir yap\u0131 kurmu\u015ftur. D\u00fcnya ve G\u00fcne\u015f Sistemindeki di\u011fer gezegenleri ara\u015ft\u0131rmak i\u00e7in NASA taraf\u0131ndan 1000&#8217;den fazla insans\u0131z uzay arac\u0131 g\u00f6nderilmi\u015ftir. \u0130lk uzay teleskobu olan Hubble Uzay Teleskobu 1990 y\u0131l\u0131nda NASA taraf\u0131ndan f\u0131rlat\u0131ld\u0131\u011f\u0131ndan beri astrofizik alan\u0131nda \u00e7\u0131\u011f\u0131r a\u00e7\u0131c\u0131 kesin sonu\u00e7lar elde edilmi\u015ftir. Ke\u015fif robotlar\u0131 ve uzay ara\u00e7lar\u0131 ile d\u00fcnya, g\u00fcne\u015f sistemi ve evren hakk\u0131nda yeni bilgi aray\u0131\u015f\u0131 i\u00e7erisinde olan NASA \u00e7al\u0131\u015fmalar\u0131n\u0131 s\u00fcrd\u00fcrmektedir.&nbsp;<\/p>\n\n\n\n<p><strong>Nas\u0131l bir NASA gezisi?<\/strong><\/p>\n\n\n\n<p>SUN Giri\u015fim NASA gezilerinde alan\u0131nda uzman akademisyenlerle \u00f6\u011frencileri astronomi at\u00f6lyelerinde bulu\u015fturarak gen\u00e7lere \u201cNASA ve uzay\u201d temal\u0131 bir e\u011fitim ile temel astronomi bilgileri vermeyi ve NASA\u2019da kat\u0131lacaklar\u0131 e\u011fitimlere haz\u0131r olmalar\u0131n\u0131 sa\u011flayan bir program kurgular. Program i\u00e7inde \u00f6zel olarak haz\u0131rlanm\u0131\u015f uzay sim\u00fclasyonlar\u0131na kat\u0131lan gen\u00e7ler uzay ya\u015fam\u0131n\u0131 bir astronot gibi deneyimleme imkan\u0131 bulur.&nbsp; NASA\u2019n\u0131n astronomi alan\u0131ndaki ger\u00e7ekle\u015ftiren bilimsel \u00e7al\u0131\u015fmalar ve bulu\u015flar \u00fczerinden&nbsp; NASA e\u011fitimini tamamlayan gen\u00e7ler mezuniyet ve diploma t\u00f6renlerinde \u00f6zel e\u011fitmenlerle ve astronotlarla tan\u0131\u015fma f\u0131rsat\u0131 yakalar.<\/p>\n\n\n\n<p><strong>NASA Programlar\u0131<\/strong><\/p>\n\n\n\n<p>NASA e\u011fitimi ve gezisi temel al\u0131narak se\u00e7ilecek NASA \u00fcss\u00fcne g\u00f6re al\u0131nacak e\u011fitimler ve e\u011fitimin program i\u00e7eri\u011fi belirlenerek bilim, teknoloji, sanat, k\u00fclt\u00fcr ve e\u011flence merkezi, m\u00fcze ve sergileri bir araya getiren, \u00fclke ve \u015fehir tarihleri ile zenginle\u015ftirilen programlar sunmaktay\u0131z.&nbsp;<\/p>\n\n\n\n<p>Programlar\u0131m\u0131z belirlenen ana g\u00fczergahlar de\u011fi\u015fmemek ko\u015fulu ile, \u00f6\u011frenme ve ke\u015ffetme oda\u011f\u0131ndan uzakla\u015fmadan, okul y\u00f6netici ve \u00f6\u011fretmenlerimizin istekleri do\u011frultusunda \u015fekillendirilebilmektedir.<\/p>\n","protected":false},"excerpt":{"rendered":"<p>NASA hakk\u0131nda genel bilgi 1958 y\u0131l\u0131nda kurulan NASA (National Aeronautics and Space Administration) UlusalHavac\u0131l\u0131k ve Uzay Dairesi bug\u00fcne kadar bir\u00e7ok insanl\u0131 ve insans\u0131z u\u00e7u\u015f program\u0131ger\u00e7ekle\u015ftirmi\u015ftir. Uzay teknolojisi uygulamalar\u0131n\u0131 ve bilimsel ara\u015ft\u0131rmalar\u0131 bir araya getirip ilk hava ve haberle\u015fme uydular\u0131n\u0131 geli\u015ftirmi\u015ftir. NASA uzaya d\u00fczenli eri\u015fim sa\u011flamak i\u00e7in yeniden kullan\u0131labilir uzay meki\u011fini ilk olarak 1981\u2019de f\u0131rlatm\u0131\u015f 2011\u2019de&hellip; <br \/> <a class=\"read-more\" href=\"https:\/\/www.sungirisim.com.tr\/index.php\/nasa-gezisi\/\">Devam\u0131<\/a><\/p>\n","protected":false},"author":1,"featured_media":166,"parent":0,"menu_order":0,"comment_status":"closed","ping_status":"closed","template":"","meta":{"footnotes":""},"class_list":["post-147","page","type-page","status-publish","has-post-thumbnail","hentry"],"_links":{"self":[{"href":"https:\/\/www.sungirisim.com.tr\/index.php\/wp-json\/wp\/v2\/pages\/147","targetHints":{"allow":["GET"]}}],"collection":[{"href":"https:\/\/www.sungirisim.com.tr\/index.php\/wp-json\/wp\/v2\/pages"}],"about":[{"href":"https:\/\/www.sungirisim.com.tr\/index.php\/wp-json\/wp\/v2\/types\/page"}],"author":[{"embeddable":true,"href":"https:\/\/www.sungirisim.com.tr\/index.php\/wp-json\/wp\/v2\/users\/1"}],"replies":[{"embeddable":true,"href":"https:\/\/www.sungirisim.com.tr\/index.php\/wp-json\/wp\/v2\/comments?post=147"}],"version-history":[{"count":3,"href":"https:\/\/www.sungirisim.com.tr\/index.php\/wp-json\/wp\/v2\/pages\/147\/revisions"}],"predecessor-version":[{"id":240,"href":"https:\/\/www.sungirisim.com.tr\/index.php\/wp-json\/wp\/v2\/pages\/147\/revisions\/240"}],"wp:featuredmedia":[{"embeddable":true,"href":"https:\/\/www.sungirisim.com.tr\/index.php\/wp-json\/wp\/v2\/media\/166"}],"wp:attachment":[{"href":"https:\/\/www.sungirisim.com.tr\/index.php\/wp-json\/wp\/v2\/media?parent=147"}],"curies":[{"name":"wp","href":"https:\/\/api.w.org\/{rel}","templated":true}]}}