{"id":152,"date":"2024-08-10T16:35:36","date_gmt":"2024-08-10T19:35:36","guid":{"rendered":"http:\/\/www.sungirisim.com.tr\/?page_id=152"},"modified":"2024-08-10T16:36:06","modified_gmt":"2024-08-10T19:36:06","slug":"avrupa-universite-tanitim-gezileri","status":"publish","type":"page","link":"https:\/\/www.sungirisim.com.tr\/index.php\/avrupa-universite-tanitim-gezileri\/","title":{"rendered":"Avrupa \u00dcniversite Tan\u0131t\u0131m Gezileri"},"content":{"rendered":"\n<p>SUN Giri\u015fim Almanya, Bel\u00e7ika, Fransa, Hollanda ve \u0130talya\u2019daki d\u00fcnyan\u0131n en prestijli \u00fcniversiteleri ile gen\u00e7leri bulu\u015fturarak,kariyerlerini \u015fekillendirdikleri ve gelece\u011fe dair kararlar\u0131n\u0131 ald\u0131klar\u0131 bu d\u00f6nemde, kendilerini ke\u015ffetmeleri i\u00e7in farkl\u0131 programlar haz\u0131rlamaktad\u0131r. Programdaki \u00fcniversitelerle i\u015fbirli\u011fi yap\u0131larak \u00fcniversite tan\u0131t\u0131mlar\u0131, \u00f6rnek&nbsp; ders uygulamalar\u0131, laboratuvar ve at\u00f6lye \u00e7al\u0131\u015fmalar\u0131na a\u011f\u0131rl\u0131k verilmektedir. \u00dcniversitedeki sportif, sosyal ve k\u00fclt\u00fcrel alanlarda \u00f6\u011frencilerin vakit ge\u00e7irmesine \u00f6nem verilmektedir. \u00dcniversitelerin bulundu\u011fu \u015fehirlerin tarih, bilim ve k\u00fclt\u00fcr merkezlerine ziyaretlerle program zenginle\u015ftirilmektedir.<\/p>\n","protected":false},"excerpt":{"rendered":"<p>SUN Giri\u015fim Almanya, Bel\u00e7ika, Fransa, Hollanda ve \u0130talya\u2019daki d\u00fcnyan\u0131n en prestijli \u00fcniversiteleri ile gen\u00e7leri bulu\u015fturarak,kariyerlerini \u015fekillendirdikleri ve gelece\u011fe dair kararlar\u0131n\u0131 ald\u0131klar\u0131 bu d\u00f6nemde, kendilerini ke\u015ffetmeleri i\u00e7in farkl\u0131 programlar haz\u0131rlamaktad\u0131r. Programdaki \u00fcniversitelerle i\u015fbirli\u011fi yap\u0131larak \u00fcniversite tan\u0131t\u0131mlar\u0131, \u00f6rnek&nbsp; ders uygulamalar\u0131, laboratuvar ve at\u00f6lye \u00e7al\u0131\u015fmalar\u0131na a\u011f\u0131rl\u0131k verilmektedir. \u00dcniversitedeki sportif, sosyal ve k\u00fclt\u00fcrel alanlarda \u00f6\u011frencilerin vakit ge\u00e7irmesine \u00f6nem verilmektedir.&hellip; <br \/> <a class=\"read-more\" href=\"https:\/\/www.sungirisim.com.tr\/index.php\/avrupa-universite-tanitim-gezileri\/\">Devam\u0131<\/a><\/p>\n","protected":false},"author":1,"featured_media":0,"parent":0,"menu_order":0,"comment_status":"closed","ping_status":"closed","template":"","meta":{"footnotes":""},"class_list":["post-152","page","type-page","status-publish","hentry"],"_links":{"self":[{"href":"https:\/\/www.sungirisim.com.tr\/index.php\/wp-json\/wp\/v2\/pages\/152","targetHints":{"allow":["GET"]}}],"collection":[{"href":"https:\/\/www.sungirisim.com.tr\/index.php\/wp-json\/wp\/v2\/pages"}],"about":[{"href":"https:\/\/www.sungirisim.com.tr\/index.php\/wp-json\/wp\/v2\/types\/page"}],"author":[{"embeddable":true,"href":"https:\/\/www.sungirisim.com.tr\/index.php\/wp-json\/wp\/v2\/users\/1"}],"replies":[{"embeddable":true,"href":"https:\/\/www.sungirisim.com.tr\/index.php\/wp-json\/wp\/v2\/comments?post=152"}],"version-history":[{"count":2,"href":"https:\/\/www.sungirisim.com.tr\/index.php\/wp-json\/wp\/v2\/pages\/152\/revisions"}],"predecessor-version":[{"id":184,"href":"https:\/\/www.sungirisim.com.tr\/index.php\/wp-json\/wp\/v2\/pages\/152\/revisions\/184"}],"wp:attachment":[{"href":"https:\/\/www.sungirisim.com.tr\/index.php\/wp-json\/wp\/v2\/media?parent=152"}],"curies":[{"name":"wp","href":"https:\/\/api.w.org\/{rel}","templated":true}]}}