{"id":158,"date":"2024-08-10T16:21:35","date_gmt":"2024-08-10T19:21:35","guid":{"rendered":"http:\/\/www.sungirisim.com.tr\/?page_id=158"},"modified":"2024-08-11T16:30:25","modified_gmt":"2024-08-11T19:30:25","slug":"bilim-ve-kultur-gezileri","status":"publish","type":"page","link":"https:\/\/www.sungirisim.com.tr\/index.php\/bilim-ve-kultur-gezileri\/","title":{"rendered":"Bilim ve K\u00fclt\u00fcr Gezileri"},"content":{"rendered":"\n<p>SUN Giri\u015fim, Avrupa\u2019da eski \u015fehir merkezleri, bilim merkezleri, tarih ve sanat m\u00fczeleri, e\u011flence ve al\u0131\u015fveri\u015f merkezlerinin de i\u00e7inde oldu\u011fu iste\u011fe ba\u011fl\u0131 olu\u015fturulan rotalarda \u201c\u00f6\u011frenme ve ke\u015fif odakl\u0131\u201d programlarla, k\u00fclt\u00fcrel zenginliklerle tan\u0131\u015ft\u0131rarak, yeni yerler g\u00f6rmeye ve farkl\u0131 k\u00fclt\u00fcrleri deneyimlemeye te\u015fvik ederken gen\u00e7lerin farkl\u0131 disiplinlerle zenginle\u015fmesini sa\u011flar.<\/p>\n\n\n\n<figure class=\"wp-block-gallery columns-3 is-cropped wp-block-gallery-1 is-layout-flex wp-block-gallery-is-layout-flex\"><ul class=\"blocks-gallery-grid\"><li class=\"blocks-gallery-item\"><figure><img loading=\"lazy\" decoding=\"async\" width=\"1024\" height=\"768\" src=\"http:\/\/www.sungirisim.com.tr\/wp-content\/uploads\/2024\/08\/IMG_1904-1024x768.jpg\" alt=\"\" data-id=\"179\" data-full-url=\"http:\/\/www.sungirisim.com.tr\/wp-content\/uploads\/2024\/08\/IMG_1904-scaled.jpg\" data-link=\"http:\/\/www.sungirisim.com.tr\/?attachment_id=179\" class=\"wp-image-179\" srcset=\"https:\/\/www.sungirisim.com.tr\/wp-content\/uploads\/2024\/08\/IMG_1904-1024x768.jpg 1024w, https:\/\/www.sungirisim.com.tr\/wp-content\/uploads\/2024\/08\/IMG_1904-300x225.jpg 300w, https:\/\/www.sungirisim.com.tr\/wp-content\/uploads\/2024\/08\/IMG_1904-768x576.jpg 768w, https:\/\/www.sungirisim.com.tr\/wp-content\/uploads\/2024\/08\/IMG_1904-1536x1152.jpg 1536w, https:\/\/www.sungirisim.com.tr\/wp-content\/uploads\/2024\/08\/IMG_1904-2048x1537.jpg 2048w, https:\/\/www.sungirisim.com.tr\/wp-content\/uploads\/2024\/08\/IMG_1904-80x60.jpg 80w\" sizes=\"auto, (max-width: 1024px) 100vw, 1024px\" \/><\/figure><\/li><li class=\"blocks-gallery-item\"><figure><img loading=\"lazy\" decoding=\"async\" width=\"768\" height=\"1024\" src=\"http:\/\/www.sungirisim.com.tr\/wp-content\/uploads\/2024\/08\/IMG_1859-768x1024.jpg\" alt=\"\" data-id=\"178\" data-full-url=\"http:\/\/www.sungirisim.com.tr\/wp-content\/uploads\/2024\/08\/IMG_1859-scaled.jpg\" data-link=\"http:\/\/www.sungirisim.com.tr\/?attachment_id=178\" class=\"wp-image-178\" srcset=\"https:\/\/www.sungirisim.com.tr\/wp-content\/uploads\/2024\/08\/IMG_1859-768x1024.jpg 768w, https:\/\/www.sungirisim.com.tr\/wp-content\/uploads\/2024\/08\/IMG_1859-225x300.jpg 225w, https:\/\/www.sungirisim.com.tr\/wp-content\/uploads\/2024\/08\/IMG_1859-1152x1536.jpg 1152w, https:\/\/www.sungirisim.com.tr\/wp-content\/uploads\/2024\/08\/IMG_1859-1537x2048.jpg 1537w, https:\/\/www.sungirisim.com.tr\/wp-content\/uploads\/2024\/08\/IMG_1859-45x60.jpg 45w, https:\/\/www.sungirisim.com.tr\/wp-content\/uploads\/2024\/08\/IMG_1859-scaled.jpg 1921w\" sizes=\"auto, (max-width: 768px) 100vw, 768px\" \/><\/figure><\/li><li class=\"blocks-gallery-item\"><figure><img loading=\"lazy\" decoding=\"async\" width=\"1024\" height=\"768\" src=\"http:\/\/www.sungirisim.com.tr\/wp-content\/uploads\/2024\/08\/IMG_1846-1024x768.jpg\" alt=\"\" data-id=\"177\" data-full-url=\"http:\/\/www.sungirisim.com.tr\/wp-content\/uploads\/2024\/08\/IMG_1846-scaled.jpg\" data-link=\"http:\/\/www.sungirisim.com.tr\/?attachment_id=177\" class=\"wp-image-177\" srcset=\"https:\/\/www.sungirisim.com.tr\/wp-content\/uploads\/2024\/08\/IMG_1846-1024x768.jpg 1024w, https:\/\/www.sungirisim.com.tr\/wp-content\/uploads\/2024\/08\/IMG_1846-300x225.jpg 300w, https:\/\/www.sungirisim.com.tr\/wp-content\/uploads\/2024\/08\/IMG_1846-768x576.jpg 768w, https:\/\/www.sungirisim.com.tr\/wp-content\/uploads\/2024\/08\/IMG_1846-1536x1152.jpg 1536w, https:\/\/www.sungirisim.com.tr\/wp-content\/uploads\/2024\/08\/IMG_1846-2048x1537.jpg 2048w, https:\/\/www.sungirisim.com.tr\/wp-content\/uploads\/2024\/08\/IMG_1846-80x60.jpg 80w\" sizes=\"auto, (max-width: 1024px) 100vw, 1024px\" \/><\/figure><\/li><li class=\"blocks-gallery-item\"><figure><img loading=\"lazy\" decoding=\"async\" width=\"1024\" height=\"768\" src=\"http:\/\/www.sungirisim.com.tr\/wp-content\/uploads\/2024\/08\/IMG_1829-1024x768.jpg\" alt=\"\" data-id=\"176\" data-full-url=\"http:\/\/www.sungirisim.com.tr\/wp-content\/uploads\/2024\/08\/IMG_1829-scaled.jpg\" data-link=\"http:\/\/www.sungirisim.com.tr\/?attachment_id=176\" class=\"wp-image-176\" srcset=\"https:\/\/www.sungirisim.com.tr\/wp-content\/uploads\/2024\/08\/IMG_1829-1024x768.jpg 1024w, https:\/\/www.sungirisim.com.tr\/wp-content\/uploads\/2024\/08\/IMG_1829-300x225.jpg 300w, https:\/\/www.sungirisim.com.tr\/wp-content\/uploads\/2024\/08\/IMG_1829-768x576.jpg 768w, https:\/\/www.sungirisim.com.tr\/wp-content\/uploads\/2024\/08\/IMG_1829-1536x1152.jpg 1536w, https:\/\/www.sungirisim.com.tr\/wp-content\/uploads\/2024\/08\/IMG_1829-2048x1537.jpg 2048w, https:\/\/www.sungirisim.com.tr\/wp-content\/uploads\/2024\/08\/IMG_1829-80x60.jpg 80w\" sizes=\"auto, (max-width: 1024px) 100vw, 1024px\" \/><\/figure><\/li><li class=\"blocks-gallery-item\"><figure><img loading=\"lazy\" decoding=\"async\" width=\"1024\" height=\"768\" src=\"http:\/\/www.sungirisim.com.tr\/wp-content\/uploads\/2024\/08\/IMG_1813-1024x768.jpg\" alt=\"\" data-id=\"175\" data-full-url=\"http:\/\/www.sungirisim.com.tr\/wp-content\/uploads\/2024\/08\/IMG_1813-scaled.jpg\" data-link=\"http:\/\/www.sungirisim.com.tr\/?attachment_id=175\" class=\"wp-image-175\" srcset=\"https:\/\/www.sungirisim.com.tr\/wp-content\/uploads\/2024\/08\/IMG_1813-1024x768.jpg 1024w, https:\/\/www.sungirisim.com.tr\/wp-content\/uploads\/2024\/08\/IMG_1813-300x225.jpg 300w, https:\/\/www.sungirisim.com.tr\/wp-content\/uploads\/2024\/08\/IMG_1813-768x576.jpg 768w, https:\/\/www.sungirisim.com.tr\/wp-content\/uploads\/2024\/08\/IMG_1813-1536x1152.jpg 1536w, https:\/\/www.sungirisim.com.tr\/wp-content\/uploads\/2024\/08\/IMG_1813-2048x1537.jpg 2048w, https:\/\/www.sungirisim.com.tr\/wp-content\/uploads\/2024\/08\/IMG_1813-80x60.jpg 80w\" sizes=\"auto, (max-width: 1024px) 100vw, 1024px\" \/><\/figure><\/li><\/ul><\/figure>\n","protected":false},"excerpt":{"rendered":"<p>SUN Giri\u015fim, Avrupa\u2019da eski \u015fehir merkezleri, bilim merkezleri, tarih ve sanat m\u00fczeleri, e\u011flence ve al\u0131\u015fveri\u015f merkezlerinin de i\u00e7inde oldu\u011fu iste\u011fe ba\u011fl\u0131 olu\u015fturulan rotalarda \u201c\u00f6\u011frenme ve ke\u015fif odakl\u0131\u201d programlarla, k\u00fclt\u00fcrel zenginliklerle tan\u0131\u015ft\u0131rarak, yeni yerler g\u00f6rmeye ve farkl\u0131 k\u00fclt\u00fcrleri deneyimlemeye te\u015fvik ederken gen\u00e7lerin farkl\u0131 disiplinlerle zenginle\u015fmesini sa\u011flar.<\/p>\n","protected":false},"author":1,"featured_media":177,"parent":0,"menu_order":0,"comment_status":"closed","ping_status":"closed","template":"","meta":{"footnotes":""},"class_list":["post-158","page","type-page","status-publish","has-post-thumbnail","hentry"],"_links":{"self":[{"href":"https:\/\/www.sungirisim.com.tr\/index.php\/wp-json\/wp\/v2\/pages\/158","targetHints":{"allow":["GET"]}}],"collection":[{"href":"https:\/\/www.sungirisim.com.tr\/index.php\/wp-json\/wp\/v2\/pages"}],"about":[{"href":"https:\/\/www.sungirisim.com.tr\/index.php\/wp-json\/wp\/v2\/types\/page"}],"author":[{"embeddable":true,"href":"https:\/\/www.sungirisim.com.tr\/index.php\/wp-json\/wp\/v2\/users\/1"}],"replies":[{"embeddable":true,"href":"https:\/\/www.sungirisim.com.tr\/index.php\/wp-json\/wp\/v2\/comments?post=158"}],"version-history":[{"count":3,"href":"https:\/\/www.sungirisim.com.tr\/index.php\/wp-json\/wp\/v2\/pages\/158\/revisions"}],"predecessor-version":[{"id":238,"href":"https:\/\/www.sungirisim.com.tr\/index.php\/wp-json\/wp\/v2\/pages\/158\/revisions\/238"}],"wp:featuredmedia":[{"embeddable":true,"href":"https:\/\/www.sungirisim.com.tr\/index.php\/wp-json\/wp\/v2\/media\/177"}],"wp:attachment":[{"href":"https:\/\/www.sungirisim.com.tr\/index.php\/wp-json\/wp\/v2\/media?parent=158"}],"curies":[{"name":"wp","href":"https:\/\/api.w.org\/{rel}","templated":true}]}}